{"id":2,"date":"2025-12-01T11:36:12","date_gmt":"2025-12-01T11:36:12","guid":{"rendered":"http:\/\/stowarzyszeniegmin.eu\/page\/?page_id=2"},"modified":"2025-12-01T12:01:23","modified_gmt":"2025-12-01T12:01:23","slug":"rozwoj-biznesu","status":"publish","type":"page","link":"https:\/\/stowarzyszeniegmin.eu\/page\/rozwoj-biznesu\/","title":{"rendered":"Rozw\u00f3j biznesu"},"content":{"rendered":"\n<p>Rozw\u00f3j biznesu na wsi w Polsce w 2025 roku koncentruje si\u0119 na wykorzystaniu dotacji unijnych i krajowych, ekologicznych upraw, agroturystyki oraz nowoczesnych technologii rolniczych. Wie\u015b staje si\u0119 przestrzeni\u0105 transformacji w kierunku zielonym, cyfrowym i ekologicznym, a dost\u0119p do wsparcia finansowego jest u\u0142atwiony, co sprzyja powstawaniu nowych firm i rozwojowi istniej\u0105cych dzia\u0142alno\u015bci.<\/p>\n\n\n\n<h2 class=\"wp-block-heading\" id=\"dotacje-i-wsparcie-finansowe-dla-biznesu-na-wsi\">Dotacje i wsparcie finansowe dla biznesu na wsi<\/h2>\n\n\n\n<p>W 2025 roku przedsi\u0119biorcy na obszarach wiejskich mog\u0105 liczy\u0107 na bezzwrotne dotacje si\u0119gaj\u0105ce do 100 000 z\u0142 z lokalnych grup dzia\u0142ania (LGD) na za\u0142o\u017cenie dzia\u0142alno\u015bci gospodarczej, a tak\u017ce do 300 000 z\u0142 na rozw\u00f3j firmy, obejmuj\u0105ce do 70-80% koszt\u00f3w kwalifikowalnych. Wsparcie jest dost\u0119pne zar\u00f3wno dla os\u00f3b bezrobotnych, jak i zatrudnionych, a tak\u017ce dla rolnik\u00f3w rozwijaj\u0105cych dzia\u0142alno\u015b\u0107 pozarolnicz\u0105. Dop\u0142aty i premie na rozw\u00f3j biznesu mog\u0105 osi\u0105ga\u0107 kwoty rz\u0119du kilkudziesi\u0119ciu tysi\u0119cy z\u0142otych, co czyni inwestycje na wsi bardziej dost\u0119pne.<a rel=\"noreferrer noopener\" target=\"_blank\" href=\"https:\/\/firmove.pl\/aktualnosci\/finanse\/finansowanie-dzialalnosci\/dotacje-dla-jdg-i-msp-2025\"><\/a>\u200b<\/p>\n\n\n\n<h2 class=\"wp-block-heading\" id=\"nowoczesne-technologie-i-zielona-transformacja\">Nowoczesne technologie i zielona transformacja<\/h2>\n\n\n\n<p>Na polskiej wsi ro\u015bnie zainteresowanie zastosowaniem nowoczesnych technologii, takich jak drony do monitoringu upraw czy systemy nawadniania, pozwalaj\u0105ce na efektywniejsze gospodarowanie. Wie\u015b rozwija si\u0119 r\u00f3wnie\u017c w kierunku agroturystyki i produkcji ekologicznej \u2014 certyfikowane uprawy ekologiczne oraz produkty bio zyskuj\u0105 na popularno\u015bci, co sprzyja realizacji biznes\u00f3w zwi\u0105zanych z ekologicznym rolnictwem i przetw\u00f3rstwem.<a rel=\"noreferrer noopener\" target=\"_blank\" href=\"https:\/\/polskawpraktyce.pl\/jak-zmienia-sie-polska-wies-oblicze-wspolczesnej-prowincji.html\"><\/a>\u200b<\/p>\n\n\n\n<h2 class=\"wp-block-heading\" id=\"popularne-i-opacalne-pomysy-na-biznes\">Popularne i op\u0142acalne pomys\u0142y na biznes<\/h2>\n\n\n\n<p>W\u015br\u00f3d rekomendowanych przedsi\u0119wzi\u0119\u0107 s\u0105 uprawa pieczarek, kt\u00f3ra jest op\u0142acalna nawet na niewielk\u0105 skal\u0119, czy prowadzenie centrum ogrodniczego i sprzeda\u017c kwiat\u00f3w. Rynek lokalny wymaga te\u017c inwestycji np. w sklepy spo\u017cywcze, punkty gastronomiczne czy rozrywk\u0119 dla rodzin, co mo\u017ce skutecznie przyczyni\u0107 si\u0119 do rozwoju lokalnej przedsi\u0119biorczo\u015bci na wsi.<a rel=\"noreferrer noopener\" target=\"_blank\" href=\"https:\/\/protan-elmark.com.pl\/blog\/15-sprawdzonych-pomyslow-na-biznes-na-wsi\/\"><\/a>\u200b<\/p>\n\n\n\n<h2 class=\"wp-block-heading\" id=\"spoeczne-i-ekonomiczne-zmiany-na-wsi\">Spo\u0142eczne i ekonomiczne zmiany na wsi<\/h2>\n\n\n\n<p>Przewiduje si\u0119, \u017ce tylko niewielki procent rodzin na wsi b\u0119dzie utrzymywa\u0142 si\u0119 wy\u0142\u0105cznie z rolnictwa, a dochody b\u0119d\u0105 pochodzi\u0107 z r\u00f3\u017cnych \u017ar\u00f3de\u0142. Zwi\u0119kszy si\u0119 poziom wykszta\u0142cenia mieszka\u0144c\u00f3w wsi oraz ich aktywno\u015b\u0107 spo\u0142eczna i polityczna, zmieniaj\u0105c wizerunek i funkcj\u0119 obszar\u00f3w wiejskich w Polsce.<a rel=\"noreferrer noopener\" target=\"_blank\" href=\"https:\/\/www.rolpetrol.com.pl\/2005-06-01-polska-nowoczesna-wies-2025\/\"><\/a>\u200b<\/p>\n\n\n\n<p>Takie zjawiska oraz dost\u0119p do funduszy i premii czyni\u0105 rozw\u00f3j biznesu na wsi w 2025 roku w Polsce obiecuj\u0105cym i zr\u00f3\u017cnicowanym obszarem inwestycyjnym. Dzi\u0119ki wsparciu finansowemu, zastosowaniu nowych technologii oraz rosn\u0105cemu zainteresowaniu ekologicznymi i turystycznymi formami dzia\u0142alno\u015bci jest to dobry moment na zak\u0142adanie i rozwijanie firm na terenach wiejskich.<br><br>\u0179r\u00f3d\u0142a:<br>https:\/\/www.gov.pl\/web\/rolnictwo\/premie-na-rozpoczecie-dzialalnosci-pozarolniczej<br>https:\/\/naukawpolsce.pl\/aktualnosci\/news,110248,ekspertka-wies-staje-sie-przestrzenia-transformacji.html<\/p>\n","protected":false},"excerpt":{"rendered":"<p>Rozw\u00f3j biznesu na wsi w Polsce w 2025 roku koncentruje si\u0119 na wykorzystaniu dotacji unijnych i krajowych, ekologicznych upraw, agroturystyki oraz nowoczesnych technologii rolniczych. Wie\u015b staje si\u0119 przestrzeni\u0105 transformacji w kierunku zielonym, cyfrowym i ekologicznym, a dost\u0119p do wsparcia finansowego jest u\u0142atwiony, co sprzyja powstawaniu nowych firm i rozwojowi istniej\u0105cych dzia\u0142alno\u015bci. Dotacje i wsparcie finansowe [&hellip;]<\/p>\n","protected":false},"author":1,"featured_media":0,"parent":0,"menu_order":0,"comment_status":"closed","ping_status":"open","template":"","meta":{"footnotes":""},"class_list":["post-2","page","type-page","status-publish","hentry"],"_links":{"self":[{"href":"https:\/\/stowarzyszeniegmin.eu\/page\/wp-json\/wp\/v2\/pages\/2","targetHints":{"allow":["GET"]}}],"collection":[{"href":"https:\/\/stowarzyszeniegmin.eu\/page\/wp-json\/wp\/v2\/pages"}],"about":[{"href":"https:\/\/stowarzyszeniegmin.eu\/page\/wp-json\/wp\/v2\/types\/page"}],"author":[{"embeddable":true,"href":"https:\/\/stowarzyszeniegmin.eu\/page\/wp-json\/wp\/v2\/users\/1"}],"replies":[{"embeddable":true,"href":"https:\/\/stowarzyszeniegmin.eu\/page\/wp-json\/wp\/v2\/comments?post=2"}],"version-history":[{"count":1,"href":"https:\/\/stowarzyszeniegmin.eu\/page\/wp-json\/wp\/v2\/pages\/2\/revisions"}],"predecessor-version":[{"id":16,"href":"https:\/\/stowarzyszeniegmin.eu\/page\/wp-json\/wp\/v2\/pages\/2\/revisions\/16"}],"wp:attachment":[{"href":"https:\/\/stowarzyszeniegmin.eu\/page\/wp-json\/wp\/v2\/media?parent=2"}],"curies":[{"name":"wp","href":"https:\/\/api.w.org\/{rel}","templated":true}]}}